{"id":446,"date":"2023-11-17T19:04:46","date_gmt":"2023-11-17T18:04:46","guid":{"rendered":"https:\/\/www.clinicadentalcots.es\/?page_id=446"},"modified":"2025-10-29T12:39:50","modified_gmt":"2025-10-29T11:39:50","slug":"galeria-de-implantes-dentales-con-cirugia-2","status":"publish","type":"page","link":"https:\/\/www.clinicadentalcots.es\/en\/galeria-de-implantes-dentales-con-cirugia-2\/","title":{"rendered":"Dental implants with surgery gallery"},"content":{"rendered":"<div data-elementor-type=\"wp-page\" data-elementor-id=\"446\" class=\"elementor elementor-446\" data-elementor-post-type=\"page\">\n\t\t\t\t<div class=\"elementor-element elementor-element-059ea9a e-flex e-con-boxed e-con e-parent\" data-id=\"059ea9a\" data-element_type=\"container\" data-e-type=\"container\">\n\t\t\t\t\t<div class=\"e-con-inner\">\n\t\t\t\t<div class=\"elementor-element elementor-element-1334476 elementor-widget elementor-widget-text-editor\" data-id=\"1334476\" data-element_type=\"widget\" data-e-type=\"widget\" data-widget_type=\"text-editor.default\">\n\t\t\t\t<div class=\"elementor-widget-container\">\n\t\t\t\t\t\t\t\t\t<h3 style=\"text-align: center;\">Dental implants with surgery case gallery<\/h3>\t\t\t\t\t\t\t\t<\/div>\n\t\t\t\t<\/div>\n\t\t\t\t\t<\/div>\n\t\t\t\t<\/div>\n\t\t<div class=\"elementor-element elementor-element-9aed5b2 e-flex e-con-boxed e-con e-parent\" data-id=\"9aed5b2\" data-element_type=\"container\" data-e-type=\"container\">\n\t\t\t\t\t<div class=\"e-con-inner\">\n\t\t\t\t<div class=\"elementor-element elementor-element-c91779e elementor-widget elementor-widget-text-editor\" data-id=\"c91779e\" data-element_type=\"widget\" data-e-type=\"widget\" data-widget_type=\"text-editor.default\">\n\t\t\t\t<div class=\"elementor-widget-container\">\n\t\t\t\t\t\t\t\t\t<h4 class=\"wpb_heading wpb_video_heading\" style=\"text-align: center;\">All On Four\" Technique Fixed prosthesis on upper implants with bone grafting<\/h4>\t\t\t\t\t\t\t\t<\/div>\n\t\t\t\t<\/div>\n\t\t\t\t\t<\/div>\n\t\t\t\t<\/div>\n\t\t<div class=\"elementor-element elementor-element-ed0c9c6 e-flex e-con-boxed e-con e-parent\" data-id=\"ed0c9c6\" data-element_type=\"container\" data-e-type=\"container\">\n\t\t\t\t\t<div class=\"e-con-inner\">\n\t\t<div class=\"elementor-element elementor-element-861804b e-con-full e-flex e-con e-child\" data-id=\"861804b\" data-element_type=\"container\" data-e-type=\"container\">\n\t\t\t\t<div class=\"elementor-element elementor-element-46b4429 elementor-widget elementor-widget-video\" data-id=\"46b4429\" data-element_type=\"widget\" data-e-type=\"widget\" data-settings=\"{&quot;youtube_url&quot;:&quot;https:\\\/\\\/www.youtube.com\\\/shorts\\\/j6tD2rQmd5I&quot;,&quot;video_type&quot;:&quot;youtube&quot;,&quot;controls&quot;:&quot;yes&quot;}\" data-widget_type=\"video.default\">\n\t\t\t\t<div class=\"elementor-widget-container\">\n\t\t\t\t\t\t\t<div class=\"elementor-wrapper elementor-open-inline\">\n\t\t\t<div class=\"elementor-video\"><\/div>\t\t<\/div>\n\t\t\t\t\t\t<\/div>\n\t\t\t\t<\/div>\n\t\t\t\t<\/div>\n\t\t<div class=\"elementor-element elementor-element-c6edfff e-con-full e-flex e-con e-child\" data-id=\"c6edfff\" data-element_type=\"container\" data-e-type=\"container\">\n\t\t\t\t<div class=\"elementor-element elementor-element-1cc97d0 elementor-widget elementor-widget-video\" data-id=\"1cc97d0\" data-element_type=\"widget\" data-e-type=\"widget\" data-settings=\"{&quot;youtube_url&quot;:&quot;https:\\\/\\\/www.youtube.com\\\/watch?v=QE2wHkX3Ye0&quot;,&quot;video_type&quot;:&quot;youtube&quot;,&quot;controls&quot;:&quot;yes&quot;}\" data-widget_type=\"video.default\">\n\t\t\t\t<div class=\"elementor-widget-container\">\n\t\t\t\t\t\t\t<div class=\"elementor-wrapper elementor-open-inline\">\n\t\t\t<div class=\"elementor-video\"><\/div>\t\t<\/div>\n\t\t\t\t\t\t<\/div>\n\t\t\t\t<\/div>\n\t\t\t\t<\/div>\n\t\t\t\t\t<\/div>\n\t\t\t\t<\/div>\n\t\t\t\t<\/div>","protected":false},"excerpt":{"rendered":"<p>Galer\u00eda de casos de implantes dentales con cirug\u00eda T\u00e9cnica \u00abAll On Four\u00bb Pr\u00f3tesis fija sobre implantes superiores con injerto de hueso https:\/\/www.youtube.com\/shorts\/j6tD2rQmd5Ihttps:\/\/www.youtube.com\/watch?v=QE2wHkX3Ye0<\/p>","protected":false},"author":1,"featured_media":0,"parent":0,"menu_order":0,"comment_status":"closed","ping_status":"closed","template":"","meta":{"footnotes":""},"class_list":["post-446","page","type-page","status-publish","hentry"],"yoast_head":"<!-- This site is optimized with the Yoast SEO Premium plugin v21.4 (Yoast SEO v27.4) - https:\/\/yoast.com\/product\/yoast-seo-premium-wordpress\/ -->\n<title>Galer\u00eda de implantes dentales con cirug\u00eda<\/title>\n<meta name=\"robots\" content=\"index, follow, max-snippet:-1, max-image-preview:large, max-video-preview:-1\" \/>\n<link rel=\"canonical\" href=\"https:\/\/www.clinicadentalcots.es\/en\/galeria-de-implantes-dentales-con-cirugia-2\/\" \/>\n<meta property=\"og:locale\" content=\"en_GB\" \/>\n<meta property=\"og:type\" content=\"article\" \/>\n<meta property=\"og:title\" content=\"Galer\u00eda de implantes dentales con cirug\u00eda\" \/>\n<meta property=\"og:description\" content=\"Galer\u00eda de casos de implantes dentales con cirug\u00eda T\u00e9cnica \u00abAll On Four\u00bb Pr\u00f3tesis fija sobre implantes superiores con injerto de hueso https:\/\/www.youtube.com\/shorts\/j6tD2rQmd5Ihttps:\/\/www.youtube.com\/watch?v=QE2wHkX3Ye0\" \/>\n<meta property=\"og:url\" content=\"https:\/\/www.clinicadentalcots.es\/en\/galeria-de-implantes-dentales-con-cirugia-2\/\" \/>\n<meta property=\"og:site_name\" content=\"Cl\u00ednica Dental Cots Valencia\" \/>\n<meta property=\"article:modified_time\" content=\"2025-10-29T11:39:50+00:00\" \/>\n<meta name=\"twitter:card\" content=\"summary_large_image\" \/>\n<meta name=\"twitter:label1\" content=\"Estimated reading time\" \/>\n\t<meta name=\"twitter:data1\" content=\"1 minute\" \/>\n<script type=\"application\/ld+json\" class=\"yoast-schema-graph\">{\"@context\":\"https:\\\/\\\/schema.org\",\"@graph\":[{\"@type\":\"WebPage\",\"@id\":\"https:\\\/\\\/www.clinicadentalcots.es\\\/galeria-de-implantes-dentales-con-cirugia-2\\\/\",\"url\":\"https:\\\/\\\/www.clinicadentalcots.es\\\/galeria-de-implantes-dentales-con-cirugia-2\\\/\",\"name\":\"Galer\u00eda de implantes dentales con cirug\u00eda\",\"isPartOf\":{\"@id\":\"https:\\\/\\\/www.clinicadentalcots.es\\\/#website\"},\"datePublished\":\"2023-11-17T18:04:46+00:00\",\"dateModified\":\"2025-10-29T11:39:50+00:00\",\"inLanguage\":\"en-GB\",\"potentialAction\":[{\"@type\":\"ReadAction\",\"target\":[\"https:\\\/\\\/www.clinicadentalcots.es\\\/galeria-de-implantes-dentales-con-cirugia-2\\\/\"]}]},{\"@type\":\"WebSite\",\"@id\":\"https:\\\/\\\/www.clinicadentalcots.es\\\/#website\",\"url\":\"https:\\\/\\\/www.clinicadentalcots.es\\\/\",\"name\":\"Cl\u00ednica Dental Cots Valencia\",\"description\":\"Tu cl\u00ednica dental de confianza en Valencia - Especialistas en odontolog\u00eda digital\",\"publisher\":{\"@id\":\"https:\\\/\\\/www.clinicadentalcots.es\\\/#organization\"},\"potentialAction\":[{\"@type\":\"SearchAction\",\"target\":{\"@type\":\"EntryPoint\",\"urlTemplate\":\"https:\\\/\\\/www.clinicadentalcots.es\\\/?s={search_term_string}\"},\"query-input\":{\"@type\":\"PropertyValueSpecification\",\"valueRequired\":true,\"valueName\":\"search_term_string\"}}],\"inLanguage\":\"en-GB\"},{\"@type\":\"Organization\",\"@id\":\"https:\\\/\\\/www.clinicadentalcots.es\\\/#organization\",\"name\":\"Cl\u00ednica Dental Cots Valencia\",\"url\":\"https:\\\/\\\/www.clinicadentalcots.es\\\/\",\"logo\":{\"@type\":\"ImageObject\",\"inLanguage\":\"en-GB\",\"@id\":\"https:\\\/\\\/www.clinicadentalcots.es\\\/#\\\/schema\\\/logo\\\/image\\\/\",\"url\":\"https:\\\/\\\/www.clinicadentalcots.es\\\/wp-content\\\/uploads\\\/2023\\\/11\\\/cropped-clinica-dental-cots-valencia.png\",\"contentUrl\":\"https:\\\/\\\/www.clinicadentalcots.es\\\/wp-content\\\/uploads\\\/2023\\\/11\\\/cropped-clinica-dental-cots-valencia.png\",\"width\":800,\"height\":68,\"caption\":\"Cl\u00ednica Dental Cots Valencia\"},\"image\":{\"@id\":\"https:\\\/\\\/www.clinicadentalcots.es\\\/#\\\/schema\\\/logo\\\/image\\\/\"}}]}<\/script>\n<!-- \/ Yoast SEO Premium plugin. -->","yoast_head_json":{"title":"Dental implants with surgery gallery","robots":{"index":"index","follow":"follow","max-snippet":"max-snippet:-1","max-image-preview":"max-image-preview:large","max-video-preview":"max-video-preview:-1"},"canonical":"https:\/\/www.clinicadentalcots.es\/en\/galeria-de-implantes-dentales-con-cirugia-2\/","og_locale":"en_GB","og_type":"article","og_title":"Galer\u00eda de implantes dentales con cirug\u00eda","og_description":"Galer\u00eda de casos de implantes dentales con cirug\u00eda T\u00e9cnica \u00abAll On Four\u00bb Pr\u00f3tesis fija sobre implantes superiores con injerto de hueso https:\/\/www.youtube.com\/shorts\/j6tD2rQmd5Ihttps:\/\/www.youtube.com\/watch?v=QE2wHkX3Ye0","og_url":"https:\/\/www.clinicadentalcots.es\/en\/galeria-de-implantes-dentales-con-cirugia-2\/","og_site_name":"Cl\u00ednica Dental Cots Valencia","article_modified_time":"2025-10-29T11:39:50+00:00","twitter_card":"summary_large_image","twitter_misc":{"Estimated reading time":"1 minute"},"schema":{"@context":"https:\/\/schema.org","@graph":[{"@type":"WebPage","@id":"https:\/\/www.clinicadentalcots.es\/galeria-de-implantes-dentales-con-cirugia-2\/","url":"https:\/\/www.clinicadentalcots.es\/galeria-de-implantes-dentales-con-cirugia-2\/","name":"Dental implants with surgery gallery","isPartOf":{"@id":"https:\/\/www.clinicadentalcots.es\/#website"},"datePublished":"2023-11-17T18:04:46+00:00","dateModified":"2025-10-29T11:39:50+00:00","inLanguage":"en-GB","potentialAction":[{"@type":"ReadAction","target":["https:\/\/www.clinicadentalcots.es\/galeria-de-implantes-dentales-con-cirugia-2\/"]}]},{"@type":"WebSite","@id":"https:\/\/www.clinicadentalcots.es\/#website","url":"https:\/\/www.clinicadentalcots.es\/","name":"Cots Dental Clinic Valencia","description":"Your trusted dental clinic in Valencia - Specialists in digital dentistry","publisher":{"@id":"https:\/\/www.clinicadentalcots.es\/#organization"},"potentialAction":[{"@type":"SearchAction","target":{"@type":"EntryPoint","urlTemplate":"https:\/\/www.clinicadentalcots.es\/?s={search_term_string}"},"query-input":{"@type":"PropertyValueSpecification","valueRequired":true,"valueName":"search_term_string"}}],"inLanguage":"en-GB"},{"@type":"Organization","@id":"https:\/\/www.clinicadentalcots.es\/#organization","name":"Cots Dental Clinic Valencia","url":"https:\/\/www.clinicadentalcots.es\/","logo":{"@type":"ImageObject","inLanguage":"en-GB","@id":"https:\/\/www.clinicadentalcots.es\/#\/schema\/logo\/image\/","url":"https:\/\/www.clinicadentalcots.es\/wp-content\/uploads\/2023\/11\/cropped-clinica-dental-cots-valencia.png","contentUrl":"https:\/\/www.clinicadentalcots.es\/wp-content\/uploads\/2023\/11\/cropped-clinica-dental-cots-valencia.png","width":800,"height":68,"caption":"Cl\u00ednica Dental Cots Valencia"},"image":{"@id":"https:\/\/www.clinicadentalcots.es\/#\/schema\/logo\/image\/"}}]}},"_links":{"self":[{"href":"https:\/\/www.clinicadentalcots.es\/en\/wp-json\/wp\/v2\/pages\/446","targetHints":{"allow":["GET"]}}],"collection":[{"href":"https:\/\/www.clinicadentalcots.es\/en\/wp-json\/wp\/v2\/pages"}],"about":[{"href":"https:\/\/www.clinicadentalcots.es\/en\/wp-json\/wp\/v2\/types\/page"}],"author":[{"embeddable":true,"href":"https:\/\/www.clinicadentalcots.es\/en\/wp-json\/wp\/v2\/users\/1"}],"replies":[{"embeddable":true,"href":"https:\/\/www.clinicadentalcots.es\/en\/wp-json\/wp\/v2\/comments?post=446"}],"version-history":[{"count":32,"href":"https:\/\/www.clinicadentalcots.es\/en\/wp-json\/wp\/v2\/pages\/446\/revisions"}],"predecessor-version":[{"id":2393,"href":"https:\/\/www.clinicadentalcots.es\/en\/wp-json\/wp\/v2\/pages\/446\/revisions\/2393"}],"wp:attachment":[{"href":"https:\/\/www.clinicadentalcots.es\/en\/wp-json\/wp\/v2\/media?parent=446"}],"curies":[{"name":"wp","href":"https:\/\/api.w.org\/{rel}","templated":true}]}}