{"id":440,"date":"2023-11-17T19:03:59","date_gmt":"2023-11-17T18:03:59","guid":{"rendered":"https:\/\/www.clinicadentalcots.es\/?page_id=440"},"modified":"2025-02-03T20:25:52","modified_gmt":"2025-02-03T19:25:52","slug":"galeria-casos","status":"publish","type":"page","link":"https:\/\/www.clinicadentalcots.es\/en\/galeria-casos\/","title":{"rendered":"Gallery cases"},"content":{"rendered":"<div data-elementor-type=\"wp-page\" data-elementor-id=\"440\" class=\"elementor elementor-440\" data-elementor-post-type=\"page\">\n\t\t\t\t<div class=\"elementor-element elementor-element-47fc015 e-con-full e-flex e-con e-parent\" data-id=\"47fc015\" data-element_type=\"container\" data-e-type=\"container\">\n\t\t<div class=\"elementor-element elementor-element-e1b3296 e-con-full e-flex e-con e-child\" data-id=\"e1b3296\" data-element_type=\"container\" data-e-type=\"container\">\n\t\t\t\t<div class=\"elementor-element elementor-element-cd43697 elementor-widget elementor-widget-image\" data-id=\"cd43697\" data-element_type=\"widget\" data-e-type=\"widget\" data-widget_type=\"image.default\">\n\t\t\t\t<div class=\"elementor-widget-container\">\n\t\t\t\t\t\t\t\t\t\t\t\t\t\t\t<img fetchpriority=\"high\" decoding=\"async\" width=\"369\" height=\"354\" src=\"https:\/\/www.clinicadentalcots.es\/wp-content\/uploads\/2023\/11\/nuestros-casos.jpg\" class=\"attachment-large size-large wp-image-809\" alt=\"casos de est\u00e9tica dental de Cl\u00ednica dental Cots\" srcset=\"https:\/\/www.clinicadentalcots.es\/wp-content\/uploads\/2023\/11\/nuestros-casos.jpg 369w, https:\/\/www.clinicadentalcots.es\/wp-content\/uploads\/2023\/11\/nuestros-casos-300x288.jpg 300w, https:\/\/www.clinicadentalcots.es\/wp-content\/uploads\/2023\/11\/nuestros-casos-78x75.jpg 78w\" sizes=\"(max-width:767px) 369px, 369px\" \/>\t\t\t\t\t\t\t\t\t\t\t\t\t\t\t<\/div>\n\t\t\t\t<\/div>\n\t\t\t\t<\/div>\n\t\t<div class=\"elementor-element elementor-element-c1587ec e-con-full e-flex e-con e-child\" data-id=\"c1587ec\" data-element_type=\"container\" data-e-type=\"container\">\n\t\t\t\t<div class=\"elementor-element elementor-element-865d769 elementor-widget elementor-widget-text-editor\" data-id=\"865d769\" data-element_type=\"widget\" data-e-type=\"widget\" data-widget_type=\"text-editor.default\">\n\t\t\t\t<div class=\"elementor-widget-container\">\n\t\t\t\t\t\t\t\t\t<div class=\"uvc-main-heading ult-responsive\" data-ultimate-target=\".uvc-heading.ultimate-heading-5442655c7756804db h2\" data-responsive-json-new=\"{&quot;font-size&quot;:&quot;desktop:30px;&quot;,&quot;line-height&quot;:&quot;desktop:40px;&quot;}\"><h3><strong>Our cases<\/strong><\/h3><\/div><div class=\"uvc-sub-heading ult-responsive\" data-ultimate-target=\".uvc-heading.ultimate-heading-5442655c7756804db .uvc-sub-heading \" data-responsive-json-new=\"{&quot;font-size&quot;:&quot;&quot;,&quot;line-height&quot;:&quot;desktop:26px;&quot;}\"><div id=\"ibhku0fu\" class=\"txtNew\" data-packed=\"true\"><p class=\"font_8\">The images in the galleries are small examples of the cases that Dr. Cots and his team regularly perform at the clinic. Our day to day.<\/p><\/div><\/div>\t\t\t\t\t\t\t\t<\/div>\n\t\t\t\t<\/div>\n\t\t\t\t<\/div>\n\t\t\t\t<\/div>\n\t\t<div class=\"elementor-element elementor-element-4435cd0 e-flex e-con-boxed e-con e-parent\" data-id=\"4435cd0\" data-element_type=\"container\" data-e-type=\"container\">\n\t\t\t\t\t<div class=\"e-con-inner\">\n\t\t\t\t<div class=\"elementor-element elementor-element-3b1093f elementor-headline--style-highlight elementor-widget elementor-widget-animated-headline\" data-id=\"3b1093f\" data-element_type=\"widget\" data-e-type=\"widget\" data-settings=\"{&quot;marker&quot;:&quot;underline_zigzag&quot;,&quot;highlighted_text&quot;:&quot;Dr. Vicente Cots&quot;,&quot;headline_style&quot;:&quot;highlight&quot;,&quot;highlight_animation_duration&quot;:1200}\" data-widget_type=\"animated-headline.default\">\n\t\t\t\t<div class=\"elementor-widget-container\">\n\t\t\t\t\t\t\t<h3 class=\"elementor-headline\">\r\n\t\t\t\t\t<span class=\"elementor-headline-plain-text elementor-headline-text-wrapper\">\"I always listen to the patient. What they are looking for, want or expect from a good treatment. True patient satisfaction and appreciation can only come from empathy and honesty in my profession\".<\/span>\r\n\t\t\t\t<span class=\"elementor-headline-dynamic-wrapper elementor-headline-text-wrapper\">\r\n\t\t\t\t\t<span class=\"elementor-headline-dynamic-text elementor-headline-text-active\">Dr. Vicente Cots<\/span>\r\n\t\t\t\t<\/span>\r\n\t\t\t\t<\/h3>\r\n\t\t\t\t\t\t<\/div>\n\t\t\t\t<\/div>\n\t\t\t\t\t<\/div>\n\t\t\t\t<\/div>\n\t\t<div class=\"elementor-element elementor-element-f37b19c e-flex e-con-boxed e-con e-parent\" data-id=\"f37b19c\" data-element_type=\"container\" data-e-type=\"container\">\n\t\t\t\t\t<div class=\"e-con-inner\">\n\t\t<div class=\"elementor-element elementor-element-60cd68d e-con-full e-flex e-con e-child\" data-id=\"60cd68d\" data-element_type=\"container\" data-e-type=\"container\">\n\t\t\t\t<div class=\"elementor-element elementor-element-b2b6e91 elementor-widget elementor-widget-text-editor\" data-id=\"b2b6e91\" data-element_type=\"widget\" data-e-type=\"widget\" data-widget_type=\"text-editor.default\">\n\t\t\t\t<div class=\"elementor-widget-container\">\n\t\t\t\t\t\t\t\t\t<div class=\"wpb_column vc_column_container vc_col-sm-4\"><div class=\"vc_column-inner\"><div class=\"wpb_wrapper\"><div id=\"ultimate-heading-4550655c775680a1b\" class=\"uvc-heading ult-adjust-bottom-margin ultimate-heading-4550655c775680a1b uvc-4764\" data-hspacer=\"no_spacer\" data-halign=\"center\"><div class=\"uvc-main-heading ult-responsive\" data-ultimate-target=\".uvc-heading.ultimate-heading-4550655c775680a1b h2\" data-responsive-json-new=\"{&quot;font-size&quot;:&quot;desktop:30px;&quot;,&quot;line-height&quot;:&quot;desktop:40px;&quot;}\"><h3 style=\"text-align: center;\">Aesthetic cases<\/h3><\/div><\/div><\/div><\/div><\/div>\t\t\t\t\t\t\t\t<\/div>\n\t\t\t\t<\/div>\n\t\t\t\t<div class=\"elementor-element elementor-element-6328b88 elementor-widget elementor-widget-image\" data-id=\"6328b88\" data-element_type=\"widget\" data-e-type=\"widget\" data-widget_type=\"image.default\">\n\t\t\t\t<div class=\"elementor-widget-container\">\n\t\t\t\t\t\t\t\t\t\t\t\t\t\t\t\t<a href=\"https:\/\/www.clinicadentalcots.es\/en\/galeria-de-casos-de-carillas-y-coronas-de-porcelana\/\">\n\t\t\t\t\t\t\t<img decoding=\"async\" width=\"400\" height=\"90\" src=\"https:\/\/www.clinicadentalcots.es\/wp-content\/uploads\/2024\/06\/estetica-ingles.jpg\" class=\"attachment-large size-large wp-image-819\" alt=\"casos reales de est\u00e9tica dental realizados por Cl\u00ednica dental Cots de Valencia\" srcset=\"https:\/\/www.clinicadentalcots.es\/wp-content\/uploads\/2024\/06\/estetica-ingles.jpg 400w, https:\/\/www.clinicadentalcots.es\/wp-content\/uploads\/2024\/06\/estetica-ingles-300x68.jpg 300w, https:\/\/www.clinicadentalcots.es\/wp-content\/uploads\/2024\/06\/estetica-ingles-18x4.jpg 18w, https:\/\/www.clinicadentalcots.es\/wp-content\/uploads\/2024\/06\/estetica-ingles-150x34.jpg 150w\" sizes=\"(max-width:767px) 400px, 400px\" \/>\t\t\t\t\t\t\t\t<\/a>\n\t\t\t\t\t\t\t\t\t\t\t\t\t\t\t<\/div>\n\t\t\t\t<\/div>\n\t\t\t\t<div class=\"elementor-element elementor-element-7255f89 elementor-widget elementor-widget-video\" data-id=\"7255f89\" data-element_type=\"widget\" data-e-type=\"widget\" data-settings=\"{&quot;youtube_url&quot;:&quot;https:\\\/\\\/www.youtube.com\\\/watch?v=P3uylOo8KXc&quot;,&quot;video_type&quot;:&quot;youtube&quot;,&quot;controls&quot;:&quot;yes&quot;}\" data-widget_type=\"video.default\">\n\t\t\t\t<div class=\"elementor-widget-container\">\n\t\t\t\t\t\t\t<div class=\"elementor-wrapper elementor-open-inline\">\n\t\t\t<div class=\"elementor-video\"><\/div>\t\t<\/div>\n\t\t\t\t\t\t<\/div>\n\t\t\t\t<\/div>\n\t\t\t\t<\/div>\n\t\t<div class=\"elementor-element elementor-element-d4101a8 e-con-full e-flex e-con e-child\" data-id=\"d4101a8\" data-element_type=\"container\" data-e-type=\"container\">\n\t\t\t\t<div class=\"elementor-element elementor-element-9f55a3f elementor-widget elementor-widget-text-editor\" data-id=\"9f55a3f\" data-element_type=\"widget\" data-e-type=\"widget\" data-widget_type=\"text-editor.default\">\n\t\t\t\t<div class=\"elementor-widget-container\">\n\t\t\t\t\t\t\t\t\t<div class=\"wpb_column vc_column_container vc_col-sm-4\"><div class=\"vc_column-inner\"><div class=\"wpb_wrapper\"><div id=\"ultimate-heading-4550655c775680a1b\" class=\"uvc-heading ult-adjust-bottom-margin ultimate-heading-4550655c775680a1b uvc-4764\" data-hspacer=\"no_spacer\" data-halign=\"center\"><div class=\"uvc-main-heading ult-responsive\" data-ultimate-target=\".uvc-heading.ultimate-heading-4550655c775680a1b h2\" data-responsive-json-new=\"{&quot;font-size&quot;:&quot;desktop:30px;&quot;,&quot;line-height&quot;:&quot;desktop:40px;&quot;}\"><h3 style=\"text-align: center;\">Orthodontic cases<\/h3><\/div><\/div><\/div><\/div><\/div>\t\t\t\t\t\t\t\t<\/div>\n\t\t\t\t<\/div>\n\t\t\t\t<div class=\"elementor-element elementor-element-e9551c8 elementor-widget elementor-widget-image\" data-id=\"e9551c8\" data-element_type=\"widget\" data-e-type=\"widget\" data-widget_type=\"image.default\">\n\t\t\t\t<div class=\"elementor-widget-container\">\n\t\t\t\t\t\t\t\t\t\t\t\t\t\t\t\t<a href=\"https:\/\/www.clinicadentalcots.es\/en\/galeria-ortodoncia\/\">\n\t\t\t\t\t\t\t<img decoding=\"async\" width=\"400\" height=\"90\" src=\"https:\/\/www.clinicadentalcots.es\/wp-content\/uploads\/2024\/06\/ortodoncia-ingles.jpg\" class=\"attachment-large size-large wp-image-821\" alt=\"casos reales de ortodoncia realizados por Cl\u00ednica dental Cots de Valencia\" srcset=\"https:\/\/www.clinicadentalcots.es\/wp-content\/uploads\/2024\/06\/ortodoncia-ingles.jpg 400w, https:\/\/www.clinicadentalcots.es\/wp-content\/uploads\/2024\/06\/ortodoncia-ingles-300x68.jpg 300w, https:\/\/www.clinicadentalcots.es\/wp-content\/uploads\/2024\/06\/ortodoncia-ingles-18x4.jpg 18w, https:\/\/www.clinicadentalcots.es\/wp-content\/uploads\/2024\/06\/ortodoncia-ingles-150x34.jpg 150w\" sizes=\"(max-width:767px) 400px, 400px\" \/>\t\t\t\t\t\t\t\t<\/a>\n\t\t\t\t\t\t\t\t\t\t\t\t\t\t\t<\/div>\n\t\t\t\t<\/div>\n\t\t\t\t<div class=\"elementor-element elementor-element-2f6ce84 elementor-widget elementor-widget-video\" data-id=\"2f6ce84\" data-element_type=\"widget\" data-e-type=\"widget\" data-settings=\"{&quot;youtube_url&quot;:&quot;https:\\\/\\\/www.youtube.com\\\/watch?v=j9LhN9s5lPs&quot;,&quot;video_type&quot;:&quot;youtube&quot;,&quot;controls&quot;:&quot;yes&quot;}\" data-widget_type=\"video.default\">\n\t\t\t\t<div class=\"elementor-widget-container\">\n\t\t\t\t\t\t\t<div class=\"elementor-wrapper elementor-open-inline\">\n\t\t\t<div class=\"elementor-video\"><\/div>\t\t<\/div>\n\t\t\t\t\t\t<\/div>\n\t\t\t\t<\/div>\n\t\t\t\t<\/div>\n\t\t<div class=\"elementor-element elementor-element-d94d9ed e-con-full e-flex e-con e-child\" data-id=\"d94d9ed\" data-element_type=\"container\" data-e-type=\"container\">\n\t\t\t\t<div class=\"elementor-element elementor-element-33dc5a0 elementor-widget elementor-widget-text-editor\" data-id=\"33dc5a0\" data-element_type=\"widget\" data-e-type=\"widget\" data-widget_type=\"text-editor.default\">\n\t\t\t\t<div class=\"elementor-widget-container\">\n\t\t\t\t\t\t\t\t\t<div class=\"wpb_column vc_column_container vc_col-sm-4\"><div class=\"vc_column-inner\"><div class=\"wpb_wrapper\"><div id=\"ultimate-heading-4550655c775680a1b\" class=\"uvc-heading ult-adjust-bottom-margin ultimate-heading-4550655c775680a1b uvc-4764\" data-hspacer=\"no_spacer\" data-halign=\"center\"><div class=\"uvc-main-heading ult-responsive\" data-ultimate-target=\".uvc-heading.ultimate-heading-4550655c775680a1b h2\" data-responsive-json-new=\"{&quot;font-size&quot;:&quot;desktop:30px;&quot;,&quot;line-height&quot;:&quot;desktop:40px;&quot;}\"><h3 style=\"text-align: center;\">Implant cases<\/h3><\/div><\/div><\/div><\/div><\/div>\t\t\t\t\t\t\t\t<\/div>\n\t\t\t\t<\/div>\n\t\t\t\t<div class=\"elementor-element elementor-element-2d4b4d4 elementor-widget elementor-widget-image\" data-id=\"2d4b4d4\" data-element_type=\"widget\" data-e-type=\"widget\" data-widget_type=\"image.default\">\n\t\t\t\t<div class=\"elementor-widget-container\">\n\t\t\t\t\t\t\t\t\t\t\t\t\t\t\t\t<a href=\"https:\/\/www.clinicadentalcots.es\/en\/galeria-de-implantes-dentales-con-cirugia-2\/\">\n\t\t\t\t\t\t\t<img loading=\"lazy\" decoding=\"async\" width=\"400\" height=\"90\" src=\"https:\/\/www.clinicadentalcots.es\/wp-content\/uploads\/2024\/06\/IMPLANTESDENTALES-INGLES.jpg\" class=\"attachment-large size-large wp-image-820\" alt=\"casos reales de implantes dentalesrealizados por Cl\u00ednica dental Cots de Valencia\" srcset=\"https:\/\/www.clinicadentalcots.es\/wp-content\/uploads\/2024\/06\/IMPLANTESDENTALES-INGLES.jpg 400w, https:\/\/www.clinicadentalcots.es\/wp-content\/uploads\/2024\/06\/IMPLANTESDENTALES-INGLES-300x68.jpg 300w, https:\/\/www.clinicadentalcots.es\/wp-content\/uploads\/2024\/06\/IMPLANTESDENTALES-INGLES-18x4.jpg 18w, https:\/\/www.clinicadentalcots.es\/wp-content\/uploads\/2024\/06\/IMPLANTESDENTALES-INGLES-150x34.jpg 150w\" sizes=\"(max-width:767px) 400px, 400px\" \/>\t\t\t\t\t\t\t\t<\/a>\n\t\t\t\t\t\t\t\t\t\t\t\t\t\t\t<\/div>\n\t\t\t\t<\/div>\n\t\t\t\t<div class=\"elementor-element elementor-element-6b16f25 elementor-widget elementor-widget-video\" data-id=\"6b16f25\" data-element_type=\"widget\" data-e-type=\"widget\" data-settings=\"{&quot;youtube_url&quot;:&quot;https:\\\/\\\/www.youtube.com\\\/watch?v=QE2wHkX3Ye0&quot;,&quot;video_type&quot;:&quot;youtube&quot;,&quot;controls&quot;:&quot;yes&quot;}\" data-widget_type=\"video.default\">\n\t\t\t\t<div class=\"elementor-widget-container\">\n\t\t\t\t\t\t\t<div class=\"elementor-wrapper elementor-open-inline\">\n\t\t\t<div class=\"elementor-video\"><\/div>\t\t<\/div>\n\t\t\t\t\t\t<\/div>\n\t\t\t\t<\/div>\n\t\t\t\t<\/div>\n\t\t\t\t\t<\/div>\n\t\t\t\t<\/div>\n\t\t<div class=\"elementor-element elementor-element-db1a7e9 e-flex e-con-boxed e-con e-parent\" data-id=\"db1a7e9\" data-element_type=\"container\" data-e-type=\"container\">\n\t\t\t\t\t<div class=\"e-con-inner\">\n\t\t\t\t\t<\/div>\n\t\t\t\t<\/div>\n\t\t<div class=\"elementor-element elementor-element-b90a873 e-flex e-con-boxed e-con e-parent\" data-id=\"b90a873\" data-element_type=\"container\" data-e-type=\"container\">\n\t\t\t\t\t<div class=\"e-con-inner\">\n\t\t<div class=\"elementor-element elementor-element-71fc825 e-con-full e-flex e-con e-child\" data-id=\"71fc825\" data-element_type=\"container\" data-e-type=\"container\">\n\t\t\t\t<div class=\"elementor-element elementor-element-70a93a5 elementor-widget elementor-widget-image\" data-id=\"70a93a5\" data-element_type=\"widget\" data-e-type=\"widget\" data-widget_type=\"image.default\">\n\t\t\t\t<div class=\"elementor-widget-container\">\n\t\t\t\t\t\t\t\t\t\t\t\t\t\t\t<img loading=\"lazy\" decoding=\"async\" width=\"1200\" height=\"800\" src=\"https:\/\/www.clinicadentalcots.es\/wp-content\/uploads\/2025\/02\/PLA6302-1200x800.jpg\" class=\"attachment-large size-large wp-image-2162\" alt=\"\" srcset=\"https:\/\/www.clinicadentalcots.es\/wp-content\/uploads\/2025\/02\/PLA6302-1200x800.jpg 1200w, https:\/\/www.clinicadentalcots.es\/wp-content\/uploads\/2025\/02\/PLA6302-500x333.jpg 500w, https:\/\/www.clinicadentalcots.es\/wp-content\/uploads\/2025\/02\/PLA6302-300x200.jpg 300w, https:\/\/www.clinicadentalcots.es\/wp-content\/uploads\/2025\/02\/PLA6302-768x512.jpg 768w, https:\/\/www.clinicadentalcots.es\/wp-content\/uploads\/2025\/02\/PLA6302-1536x1024.jpg 1536w, https:\/\/www.clinicadentalcots.es\/wp-content\/uploads\/2025\/02\/PLA6302-2048x1365.jpg 2048w, https:\/\/www.clinicadentalcots.es\/wp-content\/uploads\/2025\/02\/PLA6302-18x12.jpg 18w, https:\/\/www.clinicadentalcots.es\/wp-content\/uploads\/2025\/02\/PLA6302-112x75.jpg 112w, https:\/\/www.clinicadentalcots.es\/wp-content\/uploads\/2025\/02\/PLA6302-480x320.jpg 480w\" sizes=\"(max-width:767px) 480px, (max-width:1200px) 100vw, 1200px\" \/>\t\t\t\t\t\t\t\t\t\t\t\t\t\t\t<\/div>\n\t\t\t\t<\/div>\n\t\t\t\t<\/div>\n\t\t<div class=\"elementor-element elementor-element-291213c e-con-full e-flex e-con e-child\" data-id=\"291213c\" data-element_type=\"container\" data-e-type=\"container\">\n\t\t\t\t<div class=\"elementor-element elementor-element-b36ef41 elementor-widget elementor-widget-image\" data-id=\"b36ef41\" data-element_type=\"widget\" data-e-type=\"widget\" data-widget_type=\"image.default\">\n\t\t\t\t<div class=\"elementor-widget-container\">\n\t\t\t\t\t\t\t\t\t\t\t\t\t\t\t<img loading=\"lazy\" decoding=\"async\" width=\"1200\" height=\"800\" src=\"https:\/\/www.clinicadentalcots.es\/wp-content\/uploads\/2025\/02\/PLA6132-1200x800.jpg\" class=\"attachment-large size-large wp-image-2163\" alt=\"\" srcset=\"https:\/\/www.clinicadentalcots.es\/wp-content\/uploads\/2025\/02\/PLA6132-1200x800.jpg 1200w, https:\/\/www.clinicadentalcots.es\/wp-content\/uploads\/2025\/02\/PLA6132-500x333.jpg 500w, https:\/\/www.clinicadentalcots.es\/wp-content\/uploads\/2025\/02\/PLA6132-300x200.jpg 300w, https:\/\/www.clinicadentalcots.es\/wp-content\/uploads\/2025\/02\/PLA6132-768x512.jpg 768w, https:\/\/www.clinicadentalcots.es\/wp-content\/uploads\/2025\/02\/PLA6132-1536x1024.jpg 1536w, https:\/\/www.clinicadentalcots.es\/wp-content\/uploads\/2025\/02\/PLA6132-2048x1365.jpg 2048w, https:\/\/www.clinicadentalcots.es\/wp-content\/uploads\/2025\/02\/PLA6132-18x12.jpg 18w, https:\/\/www.clinicadentalcots.es\/wp-content\/uploads\/2025\/02\/PLA6132-112x75.jpg 112w, https:\/\/www.clinicadentalcots.es\/wp-content\/uploads\/2025\/02\/PLA6132-480x320.jpg 480w\" sizes=\"(max-width:767px) 480px, (max-width:1200px) 100vw, 1200px\" \/>\t\t\t\t\t\t\t\t\t\t\t\t\t\t\t<\/div>\n\t\t\t\t<\/div>\n\t\t\t\t<\/div>\n\t\t\t\t\t<\/div>\n\t\t\t\t<\/div>\n\t\t\t\t<\/div>","protected":false},"excerpt":{"rendered":"<p>Nuestros casos Las im\u00e1genes de las galer\u00edas son peque\u00f1os ejemplos de los casos que el Dr. Cots y su equipo realizan habitualmente en la cl\u00ednica. Nuestro<span class=\"excerpt-hellip\"> [\u2026]<\/span><\/p>\n","protected":false},"author":1,"featured_media":0,"parent":0,"menu_order":0,"comment_status":"closed","ping_status":"closed","template":"","meta":{"footnotes":""},"class_list":["post-440","page","type-page","status-publish","hentry"],"yoast_head":"<!-- This site is optimized with the Yoast SEO Premium plugin v21.4 (Yoast SEO v27.4) - https:\/\/yoast.com\/product\/yoast-seo-premium-wordpress\/ -->\n<title>Galer\u00eda casos<\/title>\n<meta name=\"robots\" content=\"index, follow, max-snippet:-1, max-image-preview:large, max-video-preview:-1\" \/>\n<link rel=\"canonical\" href=\"https:\/\/www.clinicadentalcots.es\/en\/galeria-casos\/\" \/>\n<meta property=\"og:locale\" content=\"en_GB\" \/>\n<meta property=\"og:type\" content=\"article\" \/>\n<meta property=\"og:title\" content=\"Galer\u00eda casos\" \/>\n<meta property=\"og:description\" content=\"Nuestros casos Las im\u00e1genes de las galer\u00edas son peque\u00f1os ejemplos de los casos que el Dr. Cots y su equipo realizan habitualmente en la cl\u00ednica. Nuestro [\u2026]\" \/>\n<meta property=\"og:url\" content=\"https:\/\/www.clinicadentalcots.es\/en\/galeria-casos\/\" \/>\n<meta property=\"og:site_name\" content=\"Cl\u00ednica Dental Cots Valencia\" \/>\n<meta property=\"article:modified_time\" content=\"2025-02-03T19:25:52+00:00\" \/>\n<meta property=\"og:image\" content=\"https:\/\/www.clinicadentalcots.es\/wp-content\/uploads\/2023\/11\/nuestros-casos.jpg\" \/>\n\t<meta property=\"og:image:width\" content=\"369\" \/>\n\t<meta property=\"og:image:height\" content=\"354\" \/>\n\t<meta property=\"og:image:type\" content=\"image\/jpeg\" \/>\n<meta name=\"twitter:card\" content=\"summary_large_image\" \/>\n<meta name=\"twitter:label1\" content=\"Estimated reading time\" \/>\n\t<meta name=\"twitter:data1\" content=\"2 minutes\" \/>\n<script type=\"application\/ld+json\" class=\"yoast-schema-graph\">{\"@context\":\"https:\\\/\\\/schema.org\",\"@graph\":[{\"@type\":\"WebPage\",\"@id\":\"https:\\\/\\\/www.clinicadentalcots.es\\\/galeria-casos\\\/\",\"url\":\"https:\\\/\\\/www.clinicadentalcots.es\\\/galeria-casos\\\/\",\"name\":\"Galer\u00eda casos\",\"isPartOf\":{\"@id\":\"https:\\\/\\\/www.clinicadentalcots.es\\\/#website\"},\"primaryImageOfPage\":{\"@id\":\"https:\\\/\\\/www.clinicadentalcots.es\\\/galeria-casos\\\/#primaryimage\"},\"image\":{\"@id\":\"https:\\\/\\\/www.clinicadentalcots.es\\\/galeria-casos\\\/#primaryimage\"},\"thumbnailUrl\":\"https:\\\/\\\/www.clinicadentalcots.es\\\/wp-content\\\/uploads\\\/2023\\\/11\\\/nuestros-casos.jpg\",\"datePublished\":\"2023-11-17T18:03:59+00:00\",\"dateModified\":\"2025-02-03T19:25:52+00:00\",\"inLanguage\":\"en-GB\",\"potentialAction\":[{\"@type\":\"ReadAction\",\"target\":[\"https:\\\/\\\/www.clinicadentalcots.es\\\/galeria-casos\\\/\"]}]},{\"@type\":\"ImageObject\",\"inLanguage\":\"en-GB\",\"@id\":\"https:\\\/\\\/www.clinicadentalcots.es\\\/galeria-casos\\\/#primaryimage\",\"url\":\"https:\\\/\\\/www.clinicadentalcots.es\\\/wp-content\\\/uploads\\\/2023\\\/11\\\/nuestros-casos.jpg\",\"contentUrl\":\"https:\\\/\\\/www.clinicadentalcots.es\\\/wp-content\\\/uploads\\\/2023\\\/11\\\/nuestros-casos.jpg\"},{\"@type\":\"WebSite\",\"@id\":\"https:\\\/\\\/www.clinicadentalcots.es\\\/#website\",\"url\":\"https:\\\/\\\/www.clinicadentalcots.es\\\/\",\"name\":\"Cl\u00ednica Dental Cots Valencia\",\"description\":\"Tu cl\u00ednica dental de confianza en Valencia - Especialistas en odontolog\u00eda digital\",\"publisher\":{\"@id\":\"https:\\\/\\\/www.clinicadentalcots.es\\\/#organization\"},\"potentialAction\":[{\"@type\":\"SearchAction\",\"target\":{\"@type\":\"EntryPoint\",\"urlTemplate\":\"https:\\\/\\\/www.clinicadentalcots.es\\\/?s={search_term_string}\"},\"query-input\":{\"@type\":\"PropertyValueSpecification\",\"valueRequired\":true,\"valueName\":\"search_term_string\"}}],\"inLanguage\":\"en-GB\"},{\"@type\":\"Organization\",\"@id\":\"https:\\\/\\\/www.clinicadentalcots.es\\\/#organization\",\"name\":\"Cl\u00ednica Dental Cots Valencia\",\"url\":\"https:\\\/\\\/www.clinicadentalcots.es\\\/\",\"logo\":{\"@type\":\"ImageObject\",\"inLanguage\":\"en-GB\",\"@id\":\"https:\\\/\\\/www.clinicadentalcots.es\\\/#\\\/schema\\\/logo\\\/image\\\/\",\"url\":\"https:\\\/\\\/www.clinicadentalcots.es\\\/wp-content\\\/uploads\\\/2023\\\/11\\\/cropped-clinica-dental-cots-valencia.png\",\"contentUrl\":\"https:\\\/\\\/www.clinicadentalcots.es\\\/wp-content\\\/uploads\\\/2023\\\/11\\\/cropped-clinica-dental-cots-valencia.png\",\"width\":800,\"height\":68,\"caption\":\"Cl\u00ednica Dental Cots Valencia\"},\"image\":{\"@id\":\"https:\\\/\\\/www.clinicadentalcots.es\\\/#\\\/schema\\\/logo\\\/image\\\/\"}}]}<\/script>\n<!-- \/ Yoast SEO Premium plugin. -->","yoast_head_json":{"title":"Gallery cases","robots":{"index":"index","follow":"follow","max-snippet":"max-snippet:-1","max-image-preview":"max-image-preview:large","max-video-preview":"max-video-preview:-1"},"canonical":"https:\/\/www.clinicadentalcots.es\/en\/galeria-casos\/","og_locale":"en_GB","og_type":"article","og_title":"Galer\u00eda casos","og_description":"Nuestros casos Las im\u00e1genes de las galer\u00edas son peque\u00f1os ejemplos de los casos que el Dr. Cots y su equipo realizan habitualmente en la cl\u00ednica. Nuestro [\u2026]","og_url":"https:\/\/www.clinicadentalcots.es\/en\/galeria-casos\/","og_site_name":"Cl\u00ednica Dental Cots Valencia","article_modified_time":"2025-02-03T19:25:52+00:00","og_image":[{"width":369,"height":354,"url":"https:\/\/www.clinicadentalcots.es\/wp-content\/uploads\/2023\/11\/nuestros-casos.jpg","type":"image\/jpeg"}],"twitter_card":"summary_large_image","twitter_misc":{"Estimated reading time":"2 minutes"},"schema":{"@context":"https:\/\/schema.org","@graph":[{"@type":"WebPage","@id":"https:\/\/www.clinicadentalcots.es\/galeria-casos\/","url":"https:\/\/www.clinicadentalcots.es\/galeria-casos\/","name":"Gallery cases","isPartOf":{"@id":"https:\/\/www.clinicadentalcots.es\/#website"},"primaryImageOfPage":{"@id":"https:\/\/www.clinicadentalcots.es\/galeria-casos\/#primaryimage"},"image":{"@id":"https:\/\/www.clinicadentalcots.es\/galeria-casos\/#primaryimage"},"thumbnailUrl":"https:\/\/www.clinicadentalcots.es\/wp-content\/uploads\/2023\/11\/nuestros-casos.jpg","datePublished":"2023-11-17T18:03:59+00:00","dateModified":"2025-02-03T19:25:52+00:00","inLanguage":"en-GB","potentialAction":[{"@type":"ReadAction","target":["https:\/\/www.clinicadentalcots.es\/galeria-casos\/"]}]},{"@type":"ImageObject","inLanguage":"en-GB","@id":"https:\/\/www.clinicadentalcots.es\/galeria-casos\/#primaryimage","url":"https:\/\/www.clinicadentalcots.es\/wp-content\/uploads\/2023\/11\/nuestros-casos.jpg","contentUrl":"https:\/\/www.clinicadentalcots.es\/wp-content\/uploads\/2023\/11\/nuestros-casos.jpg"},{"@type":"WebSite","@id":"https:\/\/www.clinicadentalcots.es\/#website","url":"https:\/\/www.clinicadentalcots.es\/","name":"Cots Dental Clinic Valencia","description":"Your trusted dental clinic in Valencia - Specialists in digital dentistry","publisher":{"@id":"https:\/\/www.clinicadentalcots.es\/#organization"},"potentialAction":[{"@type":"SearchAction","target":{"@type":"EntryPoint","urlTemplate":"https:\/\/www.clinicadentalcots.es\/?s={search_term_string}"},"query-input":{"@type":"PropertyValueSpecification","valueRequired":true,"valueName":"search_term_string"}}],"inLanguage":"en-GB"},{"@type":"Organization","@id":"https:\/\/www.clinicadentalcots.es\/#organization","name":"Cots Dental Clinic Valencia","url":"https:\/\/www.clinicadentalcots.es\/","logo":{"@type":"ImageObject","inLanguage":"en-GB","@id":"https:\/\/www.clinicadentalcots.es\/#\/schema\/logo\/image\/","url":"https:\/\/www.clinicadentalcots.es\/wp-content\/uploads\/2023\/11\/cropped-clinica-dental-cots-valencia.png","contentUrl":"https:\/\/www.clinicadentalcots.es\/wp-content\/uploads\/2023\/11\/cropped-clinica-dental-cots-valencia.png","width":800,"height":68,"caption":"Cl\u00ednica Dental Cots Valencia"},"image":{"@id":"https:\/\/www.clinicadentalcots.es\/#\/schema\/logo\/image\/"}}]}},"_links":{"self":[{"href":"https:\/\/www.clinicadentalcots.es\/en\/wp-json\/wp\/v2\/pages\/440","targetHints":{"allow":["GET"]}}],"collection":[{"href":"https:\/\/www.clinicadentalcots.es\/en\/wp-json\/wp\/v2\/pages"}],"about":[{"href":"https:\/\/www.clinicadentalcots.es\/en\/wp-json\/wp\/v2\/types\/page"}],"author":[{"embeddable":true,"href":"https:\/\/www.clinicadentalcots.es\/en\/wp-json\/wp\/v2\/users\/1"}],"replies":[{"embeddable":true,"href":"https:\/\/www.clinicadentalcots.es\/en\/wp-json\/wp\/v2\/comments?post=440"}],"version-history":[{"count":31,"href":"https:\/\/www.clinicadentalcots.es\/en\/wp-json\/wp\/v2\/pages\/440\/revisions"}],"predecessor-version":[{"id":2196,"href":"https:\/\/www.clinicadentalcots.es\/en\/wp-json\/wp\/v2\/pages\/440\/revisions\/2196"}],"wp:attachment":[{"href":"https:\/\/www.clinicadentalcots.es\/en\/wp-json\/wp\/v2\/media?parent=440"}],"curies":[{"name":"wp","href":"https:\/\/api.w.org\/{rel}","templated":true}]}}