{"id":416,"date":"2023-11-17T19:01:43","date_gmt":"2023-11-17T18:01:43","guid":{"rendered":"https:\/\/www.clinicadentalcots.es\/?page_id=416"},"modified":"2025-10-29T12:43:49","modified_gmt":"2025-10-29T11:43:49","slug":"estetica-dental","status":"publish","type":"page","link":"https:\/\/www.clinicadentalcots.es\/en\/estetica-dental\/","title":{"rendered":"Dental aesthetics"},"content":{"rendered":"<div data-elementor-type=\"wp-page\" data-elementor-id=\"416\" class=\"elementor elementor-416\" data-elementor-post-type=\"page\">\n\t\t\t\t<div class=\"elementor-element elementor-element-8acc363 e-flex e-con-boxed e-con e-parent\" data-id=\"8acc363\" data-element_type=\"container\" data-e-type=\"container\">\n\t\t\t\t\t<div class=\"e-con-inner\">\n\t\t<div class=\"elementor-element elementor-element-2320cde e-con-full e-flex e-con e-child\" data-id=\"2320cde\" data-element_type=\"container\" data-e-type=\"container\">\n\t\t\t\t<div class=\"elementor-element elementor-element-46f9f91 elementor-widget elementor-widget-image\" data-id=\"46f9f91\" data-element_type=\"widget\" data-e-type=\"widget\" data-widget_type=\"image.default\">\n\t\t\t\t<div class=\"elementor-widget-container\">\n\t\t\t\t\t\t\t\t\t\t\t\t\t\t\t<img fetchpriority=\"high\" decoding=\"async\" width=\"369\" height=\"444\" src=\"https:\/\/www.clinicadentalcots.es\/wp-content\/uploads\/2024\/06\/estetica-dental.jpg\" class=\"attachment-large size-large wp-image-645\" alt=\"Est\u00e9tica dental en Valencia\" srcset=\"https:\/\/www.clinicadentalcots.es\/wp-content\/uploads\/2024\/06\/estetica-dental.jpg 369w, https:\/\/www.clinicadentalcots.es\/wp-content\/uploads\/2024\/06\/estetica-dental-249x300.jpg 249w, https:\/\/www.clinicadentalcots.es\/wp-content\/uploads\/2024\/06\/estetica-dental-10x12.jpg 10w, https:\/\/www.clinicadentalcots.es\/wp-content\/uploads\/2024\/06\/estetica-dental-62x75.jpg 62w\" sizes=\"(max-width:767px) 369px, 369px\" \/>\t\t\t\t\t\t\t\t\t\t\t\t\t\t\t<\/div>\n\t\t\t\t<\/div>\n\t\t\t\t<\/div>\n\t\t<div class=\"elementor-element elementor-element-dbd208e e-con-full e-flex e-con e-child\" data-id=\"dbd208e\" data-element_type=\"container\" data-e-type=\"container\">\n\t\t\t\t<div class=\"elementor-element elementor-element-ef71adf elementor-widget elementor-widget-text-editor\" data-id=\"ef71adf\" data-element_type=\"widget\" data-e-type=\"widget\" data-widget_type=\"text-editor.default\">\n\t\t\t\t<div class=\"elementor-widget-container\">\n\t\t\t\t\t\t\t\t\t<div id=\"ultimate-heading-87586559f552acaff\" class=\"uvc-heading ult-adjust-bottom-margin ultimate-heading-87586559f552acaff uvc-6875\" data-hspacer=\"no_spacer\" data-halign=\"left\"><div class=\"uvc-main-heading ult-responsive\" data-ultimate-target=\".uvc-heading.ultimate-heading-87586559f552acaff h2\" data-responsive-json-new=\"{&quot;font-size&quot;:&quot;desktop:24px;&quot;,&quot;line-height&quot;:&quot;desktop:34px;&quot;}\"><h3>Dental aesthetics<\/h3><\/div><\/div><div class=\"wpb_text_column wpb_content_element vc_custom_1564036862365\"><div class=\"wpb_wrapper\"><div id=\"comp-iiatfw17\" class=\"txtNew\" data-packed=\"true\"><p class=\"font_2\">Dental aesthetics with 3D CAd Cam prosthesis, amalgam, porcelain and zirconium removal, veneers and crowns with 3D technology.<\/p><\/div><\/div><\/div>\t\t\t\t\t\t\t\t<\/div>\n\t\t\t\t<\/div>\n\t\t\t\t<div class=\"elementor-element elementor-element-378add8 elementor-widget elementor-widget-image\" data-id=\"378add8\" data-element_type=\"widget\" data-e-type=\"widget\" data-widget_type=\"image.default\">\n\t\t\t\t<div class=\"elementor-widget-container\">\n\t\t\t\t\t\t\t\t\t\t\t\t\t\t\t\t<a href=\"https:\/\/www.clinicadentalcots.es\/en\/galeria-casos\/\">\n\t\t\t\t\t\t\t<img decoding=\"async\" width=\"400\" height=\"90\" src=\"https:\/\/www.clinicadentalcots.es\/wp-content\/uploads\/2024\/06\/casos-ingles.jpg\" class=\"attachment-large size-large wp-image-632\" alt=\"casos tratados por el doctor Vicente Cots\" srcset=\"https:\/\/www.clinicadentalcots.es\/wp-content\/uploads\/2024\/06\/casos-ingles.jpg 400w, https:\/\/www.clinicadentalcots.es\/wp-content\/uploads\/2024\/06\/casos-ingles-300x68.jpg 300w, https:\/\/www.clinicadentalcots.es\/wp-content\/uploads\/2024\/06\/casos-ingles-18x4.jpg 18w, https:\/\/www.clinicadentalcots.es\/wp-content\/uploads\/2024\/06\/casos-ingles-150x34.jpg 150w\" sizes=\"(max-width:767px) 400px, 400px\" \/>\t\t\t\t\t\t\t\t<\/a>\n\t\t\t\t\t\t\t\t\t\t\t\t\t\t\t<\/div>\n\t\t\t\t<\/div>\n\t\t\t\t<\/div>\n\t\t\t\t\t<\/div>\n\t\t\t\t<\/div>\n\t\t<div class=\"elementor-element elementor-element-58012b5 e-flex e-con-boxed e-con e-parent\" data-id=\"58012b5\" data-element_type=\"container\" data-e-type=\"container\">\n\t\t\t\t\t<div class=\"e-con-inner\">\n\t\t\t\t<div class=\"elementor-element elementor-element-560e021 elementor-widget elementor-widget-video\" data-id=\"560e021\" data-element_type=\"widget\" data-e-type=\"widget\" data-settings=\"{&quot;youtube_url&quot;:&quot;https:\\\/\\\/www.youtube.com\\\/shorts\\\/ODGkKBmZcA0&quot;,&quot;video_type&quot;:&quot;youtube&quot;,&quot;controls&quot;:&quot;yes&quot;}\" data-widget_type=\"video.default\">\n\t\t\t\t<div class=\"elementor-widget-container\">\n\t\t\t\t\t\t\t<div class=\"elementor-wrapper elementor-open-inline\">\n\t\t\t<div class=\"elementor-video\"><\/div>\t\t<\/div>\n\t\t\t\t\t\t<\/div>\n\t\t\t\t<\/div>\n\t\t\t\t\t<\/div>\n\t\t\t\t<\/div>\n\t\t\t\t<\/div>","protected":false},"excerpt":{"rendered":"<p>Dental aesthetics Dental aesthetics with 3D CAd Cam prosthesis, amalgam, porcelain and zirconium removal, veneers and crowns with 3D technology.<\/p>","protected":false},"author":1,"featured_media":0,"parent":0,"menu_order":0,"comment_status":"closed","ping_status":"closed","template":"","meta":{"footnotes":""},"class_list":["post-416","page","type-page","status-publish","hentry"],"yoast_head":"<!-- This site is optimized with the Yoast SEO Premium plugin v21.4 (Yoast SEO v27.5) - https:\/\/yoast.com\/product\/yoast-seo-premium-wordpress\/ -->\n<title>Est\u00e9tica dental<\/title>\n<meta name=\"robots\" content=\"index, follow, max-snippet:-1, max-image-preview:large, max-video-preview:-1\" \/>\n<link rel=\"canonical\" href=\"https:\/\/www.clinicadentalcots.es\/en\/estetica-dental\/\" \/>\n<meta property=\"og:locale\" content=\"en_GB\" \/>\n<meta property=\"og:type\" content=\"article\" \/>\n<meta property=\"og:title\" content=\"Est\u00e9tica dental\" \/>\n<meta property=\"og:description\" content=\"Est\u00e9tica dental Est\u00e9tica Dental con protesis 3D CAd Cam, retirada de amalgamas, porcelana y Zirconio, Carillas, y coronas con tecnolog\u00eda 3D.\" \/>\n<meta property=\"og:url\" content=\"https:\/\/www.clinicadentalcots.es\/en\/estetica-dental\/\" \/>\n<meta property=\"og:site_name\" content=\"Cl\u00ednica Dental Cots Valencia\" \/>\n<meta property=\"article:modified_time\" content=\"2025-10-29T11:43:49+00:00\" \/>\n<meta property=\"og:image\" content=\"https:\/\/www.clinicadentalcots.es\/wp-content\/uploads\/2023\/11\/estetica-dental.jpg\" \/>\n\t<meta property=\"og:image:width\" content=\"369\" \/>\n\t<meta property=\"og:image:height\" content=\"444\" \/>\n\t<meta property=\"og:image:type\" content=\"image\/jpeg\" \/>\n<meta name=\"twitter:card\" content=\"summary_large_image\" \/>\n<meta name=\"twitter:label1\" content=\"Estimated reading time\" \/>\n\t<meta name=\"twitter:data1\" content=\"1 minute\" \/>\n<script type=\"application\/ld+json\" class=\"yoast-schema-graph\">{\"@context\":\"https:\\\/\\\/schema.org\",\"@graph\":[{\"@type\":\"WebPage\",\"@id\":\"https:\\\/\\\/www.clinicadentalcots.es\\\/estetica-dental\\\/\",\"url\":\"https:\\\/\\\/www.clinicadentalcots.es\\\/estetica-dental\\\/\",\"name\":\"Est\u00e9tica dental\",\"isPartOf\":{\"@id\":\"https:\\\/\\\/www.clinicadentalcots.es\\\/#website\"},\"primaryImageOfPage\":{\"@id\":\"https:\\\/\\\/www.clinicadentalcots.es\\\/estetica-dental\\\/#primaryimage\"},\"image\":{\"@id\":\"https:\\\/\\\/www.clinicadentalcots.es\\\/estetica-dental\\\/#primaryimage\"},\"thumbnailUrl\":\"https:\\\/\\\/www.clinicadentalcots.es\\\/wp-content\\\/uploads\\\/2023\\\/11\\\/estetica-dental.jpg\",\"datePublished\":\"2023-11-17T18:01:43+00:00\",\"dateModified\":\"2025-10-29T11:43:49+00:00\",\"inLanguage\":\"en-GB\",\"potentialAction\":[{\"@type\":\"ReadAction\",\"target\":[\"https:\\\/\\\/www.clinicadentalcots.es\\\/estetica-dental\\\/\"]}]},{\"@type\":\"ImageObject\",\"inLanguage\":\"en-GB\",\"@id\":\"https:\\\/\\\/www.clinicadentalcots.es\\\/estetica-dental\\\/#primaryimage\",\"url\":\"https:\\\/\\\/www.clinicadentalcots.es\\\/wp-content\\\/uploads\\\/2023\\\/11\\\/estetica-dental.jpg\",\"contentUrl\":\"https:\\\/\\\/www.clinicadentalcots.es\\\/wp-content\\\/uploads\\\/2023\\\/11\\\/estetica-dental.jpg\"},{\"@type\":\"WebSite\",\"@id\":\"https:\\\/\\\/www.clinicadentalcots.es\\\/#website\",\"url\":\"https:\\\/\\\/www.clinicadentalcots.es\\\/\",\"name\":\"Cl\u00ednica Dental Cots Valencia\",\"description\":\"Tu cl\u00ednica dental de confianza en Valencia - Especialistas en odontolog\u00eda digital\",\"publisher\":{\"@id\":\"https:\\\/\\\/www.clinicadentalcots.es\\\/#organization\"},\"potentialAction\":[{\"@type\":\"SearchAction\",\"target\":{\"@type\":\"EntryPoint\",\"urlTemplate\":\"https:\\\/\\\/www.clinicadentalcots.es\\\/?s={search_term_string}\"},\"query-input\":{\"@type\":\"PropertyValueSpecification\",\"valueRequired\":true,\"valueName\":\"search_term_string\"}}],\"inLanguage\":\"en-GB\"},{\"@type\":\"Organization\",\"@id\":\"https:\\\/\\\/www.clinicadentalcots.es\\\/#organization\",\"name\":\"Cl\u00ednica Dental Cots Valencia\",\"url\":\"https:\\\/\\\/www.clinicadentalcots.es\\\/\",\"logo\":{\"@type\":\"ImageObject\",\"inLanguage\":\"en-GB\",\"@id\":\"https:\\\/\\\/www.clinicadentalcots.es\\\/#\\\/schema\\\/logo\\\/image\\\/\",\"url\":\"https:\\\/\\\/www.clinicadentalcots.es\\\/wp-content\\\/uploads\\\/2023\\\/11\\\/cropped-clinica-dental-cots-valencia.png\",\"contentUrl\":\"https:\\\/\\\/www.clinicadentalcots.es\\\/wp-content\\\/uploads\\\/2023\\\/11\\\/cropped-clinica-dental-cots-valencia.png\",\"width\":800,\"height\":68,\"caption\":\"Cl\u00ednica Dental Cots Valencia\"},\"image\":{\"@id\":\"https:\\\/\\\/www.clinicadentalcots.es\\\/#\\\/schema\\\/logo\\\/image\\\/\"}}]}<\/script>\n<!-- \/ Yoast SEO Premium plugin. -->","yoast_head_json":{"title":"Dental aesthetics","robots":{"index":"index","follow":"follow","max-snippet":"max-snippet:-1","max-image-preview":"max-image-preview:large","max-video-preview":"max-video-preview:-1"},"canonical":"https:\/\/www.clinicadentalcots.es\/en\/estetica-dental\/","og_locale":"en_GB","og_type":"article","og_title":"Est\u00e9tica dental","og_description":"Est\u00e9tica dental Est\u00e9tica Dental con protesis 3D CAd Cam, retirada de amalgamas, porcelana y Zirconio, Carillas, y coronas con tecnolog\u00eda 3D.","og_url":"https:\/\/www.clinicadentalcots.es\/en\/estetica-dental\/","og_site_name":"Cl\u00ednica Dental Cots Valencia","article_modified_time":"2025-10-29T11:43:49+00:00","og_image":[{"width":369,"height":444,"url":"https:\/\/www.clinicadentalcots.es\/wp-content\/uploads\/2023\/11\/estetica-dental.jpg","type":"image\/jpeg"}],"twitter_card":"summary_large_image","twitter_misc":{"Estimated reading time":"1 minute"},"schema":{"@context":"https:\/\/schema.org","@graph":[{"@type":"WebPage","@id":"https:\/\/www.clinicadentalcots.es\/estetica-dental\/","url":"https:\/\/www.clinicadentalcots.es\/estetica-dental\/","name":"Dental aesthetics","isPartOf":{"@id":"https:\/\/www.clinicadentalcots.es\/#website"},"primaryImageOfPage":{"@id":"https:\/\/www.clinicadentalcots.es\/estetica-dental\/#primaryimage"},"image":{"@id":"https:\/\/www.clinicadentalcots.es\/estetica-dental\/#primaryimage"},"thumbnailUrl":"https:\/\/www.clinicadentalcots.es\/wp-content\/uploads\/2023\/11\/estetica-dental.jpg","datePublished":"2023-11-17T18:01:43+00:00","dateModified":"2025-10-29T11:43:49+00:00","inLanguage":"en-GB","potentialAction":[{"@type":"ReadAction","target":["https:\/\/www.clinicadentalcots.es\/estetica-dental\/"]}]},{"@type":"ImageObject","inLanguage":"en-GB","@id":"https:\/\/www.clinicadentalcots.es\/estetica-dental\/#primaryimage","url":"https:\/\/www.clinicadentalcots.es\/wp-content\/uploads\/2023\/11\/estetica-dental.jpg","contentUrl":"https:\/\/www.clinicadentalcots.es\/wp-content\/uploads\/2023\/11\/estetica-dental.jpg"},{"@type":"WebSite","@id":"https:\/\/www.clinicadentalcots.es\/#website","url":"https:\/\/www.clinicadentalcots.es\/","name":"Cots Dental Clinic Valencia","description":"Your trusted dental clinic in Valencia - Specialists in digital dentistry","publisher":{"@id":"https:\/\/www.clinicadentalcots.es\/#organization"},"potentialAction":[{"@type":"SearchAction","target":{"@type":"EntryPoint","urlTemplate":"https:\/\/www.clinicadentalcots.es\/?s={search_term_string}"},"query-input":{"@type":"PropertyValueSpecification","valueRequired":true,"valueName":"search_term_string"}}],"inLanguage":"en-GB"},{"@type":"Organization","@id":"https:\/\/www.clinicadentalcots.es\/#organization","name":"Cots Dental Clinic Valencia","url":"https:\/\/www.clinicadentalcots.es\/","logo":{"@type":"ImageObject","inLanguage":"en-GB","@id":"https:\/\/www.clinicadentalcots.es\/#\/schema\/logo\/image\/","url":"https:\/\/www.clinicadentalcots.es\/wp-content\/uploads\/2023\/11\/cropped-clinica-dental-cots-valencia.png","contentUrl":"https:\/\/www.clinicadentalcots.es\/wp-content\/uploads\/2023\/11\/cropped-clinica-dental-cots-valencia.png","width":800,"height":68,"caption":"Cl\u00ednica Dental Cots Valencia"},"image":{"@id":"https:\/\/www.clinicadentalcots.es\/#\/schema\/logo\/image\/"}}]}},"_links":{"self":[{"href":"https:\/\/www.clinicadentalcots.es\/en\/wp-json\/wp\/v2\/pages\/416","targetHints":{"allow":["GET"]}}],"collection":[{"href":"https:\/\/www.clinicadentalcots.es\/en\/wp-json\/wp\/v2\/pages"}],"about":[{"href":"https:\/\/www.clinicadentalcots.es\/en\/wp-json\/wp\/v2\/types\/page"}],"author":[{"embeddable":true,"href":"https:\/\/www.clinicadentalcots.es\/en\/wp-json\/wp\/v2\/users\/1"}],"replies":[{"embeddable":true,"href":"https:\/\/www.clinicadentalcots.es\/en\/wp-json\/wp\/v2\/comments?post=416"}],"version-history":[{"count":13,"href":"https:\/\/www.clinicadentalcots.es\/en\/wp-json\/wp\/v2\/pages\/416\/revisions"}],"predecessor-version":[{"id":2397,"href":"https:\/\/www.clinicadentalcots.es\/en\/wp-json\/wp\/v2\/pages\/416\/revisions\/2397"}],"wp:attachment":[{"href":"https:\/\/www.clinicadentalcots.es\/en\/wp-json\/wp\/v2\/media?parent=416"}],"curies":[{"name":"wp","href":"https:\/\/api.w.org\/{rel}","templated":true}]}}