{"id":2442,"date":"2026-03-05T19:47:12","date_gmt":"2026-03-05T18:47:12","guid":{"rendered":"https:\/\/www.clinicadentalcots.es\/?page_id=2442"},"modified":"2026-03-06T17:12:53","modified_gmt":"2026-03-06T16:12:53","slug":"tecnologia","status":"publish","type":"page","link":"https:\/\/www.clinicadentalcots.es\/en\/tecnologia\/","title":{"rendered":"Technology"},"content":{"rendered":"<div data-elementor-type=\"wp-page\" data-elementor-id=\"2442\" class=\"elementor elementor-2442\" data-elementor-post-type=\"page\">\n\t\t\t\t<div class=\"elementor-element elementor-element-1fd6e32 e-flex e-con-boxed e-con e-parent\" data-id=\"1fd6e32\" data-element_type=\"container\" data-e-type=\"container\">\n\t\t\t\t\t<div class=\"e-con-inner\">\n\t\t\t\t<div class=\"elementor-element elementor-element-2aaf0f4 elementor-widget elementor-widget-heading\" data-id=\"2aaf0f4\" data-element_type=\"widget\" data-e-type=\"widget\" data-widget_type=\"heading.default\">\n\t\t\t\t<div class=\"elementor-widget-container\">\n\t\t\t\t\t<h2 class=\"elementor-heading-title elementor-size-default\">Equipped with the latest technology<\/h2>\t\t\t\t<\/div>\n\t\t\t\t<\/div>\n\t\t\t\t\t<\/div>\n\t\t\t\t<\/div>\n\t\t<div class=\"elementor-element elementor-element-7843cec e-con-full e-flex e-con e-parent\" data-id=\"7843cec\" data-element_type=\"container\" data-e-type=\"container\">\n\t\t\t\t<div class=\"elementor-element elementor-element-037953b elementor-widget elementor-widget-video\" data-id=\"037953b\" data-element_type=\"widget\" data-e-type=\"widget\" data-settings=\"{&quot;youtube_url&quot;:&quot;https:\\\/\\\/www.youtube.com\\\/watch?v=Gj6qmisY-mg&quot;,&quot;video_type&quot;:&quot;youtube&quot;,&quot;controls&quot;:&quot;yes&quot;}\" data-widget_type=\"video.default\">\n\t\t\t\t<div class=\"elementor-widget-container\">\n\t\t\t\t\t\t\t<div class=\"elementor-wrapper elementor-open-inline\">\n\t\t\t<div class=\"elementor-video\"><\/div>\t\t<\/div>\n\t\t\t\t\t\t<\/div>\n\t\t\t\t<\/div>\n\t\t\t\t<\/div>\n\t\t<div class=\"elementor-element elementor-element-feaa909 e-flex e-con-boxed e-con e-parent\" data-id=\"feaa909\" data-element_type=\"container\" data-e-type=\"container\">\n\t\t\t\t\t<div class=\"e-con-inner\">\n\t\t\t\t<div class=\"elementor-element elementor-element-19293ec elementor-widget elementor-widget-text-editor\" data-id=\"19293ec\" data-element_type=\"widget\" data-e-type=\"widget\" data-widget_type=\"text-editor.default\">\n\t\t\t\t<div class=\"elementor-widget-container\">\n\t\t\t\t\t\t\t\t\t<p>Siempre a la vanguardia en tratamientos dentales y buscando la mejora de la salud dental de nuestros clientes, en Cl\u00ednica Dental Cots acabamos de incorporar el sistema de radiograf\u00eda extraoral de la Familia \u00a0Orthophos.<br \/>Always at the forefront of dental treatments and committed to improving our patients' oral health, Cl\u00ednica Dental Cots has just integrated the Orthophos Family extraoral X-ray system.\n\nThanks to this new system and its extraordinary image quality, we can optimize our orthodontics and endodontics, while significantly streamlining dental implant procedures.\n\nAt Cots, we care for your smile; we care for you.<br \/>En Cots cuidamos tu sonrisa, cuidamos de ti.<\/p>\t\t\t\t\t\t\t\t<\/div>\n\t\t\t\t<\/div>\n\t\t\t\t\t<\/div>\n\t\t\t\t<\/div>\n\t\t<div class=\"elementor-element elementor-element-774c39e e-flex e-con-boxed e-con e-parent\" data-id=\"774c39e\" data-element_type=\"container\" data-e-type=\"container\">\n\t\t\t\t\t<div class=\"e-con-inner\">\n\t\t\t\t<div class=\"elementor-element elementor-element-da672b2 elementor-widget elementor-widget-gallery\" data-id=\"da672b2\" data-element_type=\"widget\" data-e-type=\"widget\" data-settings=\"{&quot;lazyload&quot;:&quot;yes&quot;,&quot;gallery_layout&quot;:&quot;grid&quot;,&quot;columns&quot;:4,&quot;columns_tablet&quot;:2,&quot;columns_mobile&quot;:1,&quot;gap&quot;:{&quot;unit&quot;:&quot;px&quot;,&quot;size&quot;:10,&quot;sizes&quot;:[]},&quot;gap_tablet&quot;:{&quot;unit&quot;:&quot;px&quot;,&quot;size&quot;:10,&quot;sizes&quot;:[]},&quot;gap_mobile&quot;:{&quot;unit&quot;:&quot;px&quot;,&quot;size&quot;:10,&quot;sizes&quot;:[]},&quot;link_to&quot;:&quot;file&quot;,&quot;aspect_ratio&quot;:&quot;3:2&quot;,&quot;overlay_background&quot;:&quot;yes&quot;,&quot;content_hover_animation&quot;:&quot;fade-in&quot;}\" data-widget_type=\"gallery.default\">\n\t\t\t\t<div class=\"elementor-widget-container\">\n\t\t\t\t\t\t\t<div class=\"elementor-gallery__container\">\r\n\t\t\t\t\t\t\t<a class=\"e-gallery-item elementor-gallery-item elementor-animated-content\" href=\"https:\/\/www.clinicadentalcots.es\/wp-content\/uploads\/2026\/03\/WhatsApp-Image-2026-02-16-at-13.25.19-1.jpeg\" data-elementor-open-lightbox=\"yes\" data-elementor-lightbox-slideshow=\"da672b2\" data-elementor-lightbox-title=\"WhatsApp Image 2026-02-16 at 13.25.19 (1)\" data-e-action-hash=\"#elementor-action%3Aaction%3Dlightbox%26settings%3DeyJpZCI6MjQ0OCwidXJsIjoiaHR0cHM6XC9cL3d3dy5jbGluaWNhZGVudGFsY290cy5lc1wvd3AtY29udGVudFwvdXBsb2Fkc1wvMjAyNlwvMDNcL1doYXRzQXBwLUltYWdlLTIwMjYtMDItMTYtYXQtMTMuMjUuMTktMS5qcGVnIiwic2xpZGVzaG93IjoiZGE2NzJiMiJ9\">\r\n\t\t\t\t\t<div class=\"e-gallery-image elementor-gallery-item__image\" data-thumbnail=\"https:\/\/www.clinicadentalcots.es\/wp-content\/uploads\/2026\/03\/WhatsApp-Image-2026-02-16-at-13.25.19-1-500x281.jpeg\" data-width=\"500\" data-height=\"281\" aria-label=\"\" role=\"img\" ><\/div>\r\n\t\t\t\t\t\t\t\t\t\t\t<div class=\"elementor-gallery-item__overlay\"><\/div>\r\n\t\t\t\t\t\t\t\t\t\t\t\t\t\t<\/a>\r\n\t\t\t\t\t\t\t<a class=\"e-gallery-item elementor-gallery-item elementor-animated-content\" href=\"https:\/\/www.clinicadentalcots.es\/wp-content\/uploads\/2026\/03\/WhatsApp-Image-2026-02-16-at-13.25.20-1.jpeg\" data-elementor-open-lightbox=\"yes\" data-elementor-lightbox-slideshow=\"da672b2\" data-elementor-lightbox-title=\"WhatsApp Image 2026-02-16 at 13.25.20 (1)\" data-e-action-hash=\"#elementor-action%3Aaction%3Dlightbox%26settings%3DeyJpZCI6MjQ0NiwidXJsIjoiaHR0cHM6XC9cL3d3dy5jbGluaWNhZGVudGFsY290cy5lc1wvd3AtY29udGVudFwvdXBsb2Fkc1wvMjAyNlwvMDNcL1doYXRzQXBwLUltYWdlLTIwMjYtMDItMTYtYXQtMTMuMjUuMjAtMS5qcGVnIiwic2xpZGVzaG93IjoiZGE2NzJiMiJ9\">\r\n\t\t\t\t\t<div class=\"e-gallery-image elementor-gallery-item__image\" data-thumbnail=\"https:\/\/www.clinicadentalcots.es\/wp-content\/uploads\/2026\/03\/WhatsApp-Image-2026-02-16-at-13.25.20-1-500x281.jpeg\" data-width=\"500\" data-height=\"281\" aria-label=\"\" role=\"img\" ><\/div>\r\n\t\t\t\t\t\t\t\t\t\t\t<div class=\"elementor-gallery-item__overlay\"><\/div>\r\n\t\t\t\t\t\t\t\t\t\t\t\t\t\t<\/a>\r\n\t\t\t\t\t\t\t<a class=\"e-gallery-item elementor-gallery-item elementor-animated-content\" href=\"https:\/\/www.clinicadentalcots.es\/wp-content\/uploads\/2026\/03\/WhatsApp-Image-2026-02-16-at-13.25.19.jpeg\" data-elementor-open-lightbox=\"yes\" data-elementor-lightbox-slideshow=\"da672b2\" data-elementor-lightbox-title=\"WhatsApp Image 2026-02-16 at 13.25.19\" data-e-action-hash=\"#elementor-action%3Aaction%3Dlightbox%26settings%3DeyJpZCI6MjQ0NywidXJsIjoiaHR0cHM6XC9cL3d3dy5jbGluaWNhZGVudGFsY290cy5lc1wvd3AtY29udGVudFwvdXBsb2Fkc1wvMjAyNlwvMDNcL1doYXRzQXBwLUltYWdlLTIwMjYtMDItMTYtYXQtMTMuMjUuMTkuanBlZyIsInNsaWRlc2hvdyI6ImRhNjcyYjIifQ%3D%3D\">\r\n\t\t\t\t\t<div class=\"e-gallery-image elementor-gallery-item__image\" data-thumbnail=\"https:\/\/www.clinicadentalcots.es\/wp-content\/uploads\/2026\/03\/WhatsApp-Image-2026-02-16-at-13.25.19-500x281.jpeg\" data-width=\"500\" data-height=\"281\" aria-label=\"\" role=\"img\" ><\/div>\r\n\t\t\t\t\t\t\t\t\t\t\t<div class=\"elementor-gallery-item__overlay\"><\/div>\r\n\t\t\t\t\t\t\t\t\t\t\t\t\t\t<\/a>\r\n\t\t\t\t\t\t\t<a class=\"e-gallery-item elementor-gallery-item elementor-animated-content\" href=\"https:\/\/www.clinicadentalcots.es\/wp-content\/uploads\/2026\/03\/WhatsApp-Image-2026-02-16-at-13.25.20.jpeg\" data-elementor-open-lightbox=\"yes\" data-elementor-lightbox-slideshow=\"da672b2\" data-elementor-lightbox-title=\"WhatsApp Image 2026-02-16 at 13.25.20\" data-e-action-hash=\"#elementor-action%3Aaction%3Dlightbox%26settings%3DeyJpZCI6MjQ0NSwidXJsIjoiaHR0cHM6XC9cL3d3dy5jbGluaWNhZGVudGFsY290cy5lc1wvd3AtY29udGVudFwvdXBsb2Fkc1wvMjAyNlwvMDNcL1doYXRzQXBwLUltYWdlLTIwMjYtMDItMTYtYXQtMTMuMjUuMjAuanBlZyIsInNsaWRlc2hvdyI6ImRhNjcyYjIifQ%3D%3D\">\r\n\t\t\t\t\t<div class=\"e-gallery-image elementor-gallery-item__image\" data-thumbnail=\"https:\/\/www.clinicadentalcots.es\/wp-content\/uploads\/2026\/03\/WhatsApp-Image-2026-02-16-at-13.25.20-500x281.jpeg\" data-width=\"500\" data-height=\"281\" aria-label=\"\" role=\"img\" ><\/div>\r\n\t\t\t\t\t\t\t\t\t\t\t<div class=\"elementor-gallery-item__overlay\"><\/div>\r\n\t\t\t\t\t\t\t\t\t\t\t\t\t\t<\/a>\r\n\t\t\t\t\t<\/div>\r\n\t\t\t\t\t<\/div>\n\t\t\t\t<\/div>\n\t\t\t\t\t<\/div>\n\t\t\t\t<\/div>\n\t\t\t\t<\/div>","protected":false},"excerpt":{"rendered":"<p>Contamos con tecnolog\u00eda de vanguardia https:\/\/www.youtube.com\/watch?v=Gj6qmisY-mg Siempre a la vanguardia en tratamientos dentales y buscando la mejora de la salud dental de nuestros clientes, en Cl\u00ednica<span class=\"excerpt-hellip\"> [\u2026]<\/span><\/p>\n","protected":false},"author":1,"featured_media":0,"parent":0,"menu_order":0,"comment_status":"closed","ping_status":"closed","template":"","meta":{"footnotes":""},"class_list":["post-2442","page","type-page","status-publish","hentry"],"yoast_head":"<!-- This site is optimized with the Yoast SEO Premium plugin v21.4 (Yoast SEO v27.4) - https:\/\/yoast.com\/product\/yoast-seo-premium-wordpress\/ -->\n<title>Tecnolog\u00eda - Cl\u00ednica Dental Cots Valencia<\/title>\n<meta name=\"robots\" content=\"index, follow, max-snippet:-1, max-image-preview:large, max-video-preview:-1\" \/>\n<link rel=\"canonical\" href=\"https:\/\/www.clinicadentalcots.es\/en\/tecnologia\/\" \/>\n<meta property=\"og:locale\" content=\"en_GB\" \/>\n<meta property=\"og:type\" content=\"article\" \/>\n<meta property=\"og:title\" content=\"Tecnolog\u00eda - Cl\u00ednica Dental Cots Valencia\" \/>\n<meta property=\"og:description\" content=\"Contamos con tecnolog\u00eda de vanguardia https:\/\/www.youtube.com\/watch?v=Gj6qmisY-mg Siempre a la vanguardia en tratamientos dentales y buscando la mejora de la salud dental de nuestros clientes, en Cl\u00ednica [\u2026]\" \/>\n<meta property=\"og:url\" content=\"https:\/\/www.clinicadentalcots.es\/en\/tecnologia\/\" \/>\n<meta property=\"og:site_name\" content=\"Cl\u00ednica Dental Cots Valencia\" \/>\n<meta property=\"article:modified_time\" content=\"2026-03-06T16:12:53+00:00\" \/>\n<meta name=\"twitter:card\" content=\"summary_large_image\" \/>\n<meta name=\"twitter:label1\" content=\"Estimated reading time\" \/>\n\t<meta name=\"twitter:data1\" content=\"1 minute\" \/>\n<script type=\"application\/ld+json\" class=\"yoast-schema-graph\">{\"@context\":\"https:\\\/\\\/schema.org\",\"@graph\":[{\"@type\":\"WebPage\",\"@id\":\"https:\\\/\\\/www.clinicadentalcots.es\\\/tecnologia\\\/\",\"url\":\"https:\\\/\\\/www.clinicadentalcots.es\\\/tecnologia\\\/\",\"name\":\"Tecnolog\u00eda - Cl\u00ednica Dental Cots Valencia\",\"isPartOf\":{\"@id\":\"https:\\\/\\\/www.clinicadentalcots.es\\\/#website\"},\"datePublished\":\"2026-03-05T18:47:12+00:00\",\"dateModified\":\"2026-03-06T16:12:53+00:00\",\"inLanguage\":\"en-GB\",\"potentialAction\":[{\"@type\":\"ReadAction\",\"target\":[\"https:\\\/\\\/www.clinicadentalcots.es\\\/tecnologia\\\/\"]}]},{\"@type\":\"WebSite\",\"@id\":\"https:\\\/\\\/www.clinicadentalcots.es\\\/#website\",\"url\":\"https:\\\/\\\/www.clinicadentalcots.es\\\/\",\"name\":\"Cl\u00ednica Dental Cots Valencia\",\"description\":\"Tu cl\u00ednica dental de confianza en Valencia - Especialistas en odontolog\u00eda digital\",\"publisher\":{\"@id\":\"https:\\\/\\\/www.clinicadentalcots.es\\\/#organization\"},\"potentialAction\":[{\"@type\":\"SearchAction\",\"target\":{\"@type\":\"EntryPoint\",\"urlTemplate\":\"https:\\\/\\\/www.clinicadentalcots.es\\\/?s={search_term_string}\"},\"query-input\":{\"@type\":\"PropertyValueSpecification\",\"valueRequired\":true,\"valueName\":\"search_term_string\"}}],\"inLanguage\":\"en-GB\"},{\"@type\":\"Organization\",\"@id\":\"https:\\\/\\\/www.clinicadentalcots.es\\\/#organization\",\"name\":\"Cl\u00ednica Dental Cots Valencia\",\"url\":\"https:\\\/\\\/www.clinicadentalcots.es\\\/\",\"logo\":{\"@type\":\"ImageObject\",\"inLanguage\":\"en-GB\",\"@id\":\"https:\\\/\\\/www.clinicadentalcots.es\\\/#\\\/schema\\\/logo\\\/image\\\/\",\"url\":\"https:\\\/\\\/www.clinicadentalcots.es\\\/wp-content\\\/uploads\\\/2023\\\/11\\\/cropped-clinica-dental-cots-valencia.png\",\"contentUrl\":\"https:\\\/\\\/www.clinicadentalcots.es\\\/wp-content\\\/uploads\\\/2023\\\/11\\\/cropped-clinica-dental-cots-valencia.png\",\"width\":800,\"height\":68,\"caption\":\"Cl\u00ednica Dental Cots Valencia\"},\"image\":{\"@id\":\"https:\\\/\\\/www.clinicadentalcots.es\\\/#\\\/schema\\\/logo\\\/image\\\/\"}}]}<\/script>\n<!-- \/ Yoast SEO Premium plugin. -->","yoast_head_json":{"title":"Tecnolog\u00eda - Cl\u00ednica Dental Cots Valencia","robots":{"index":"index","follow":"follow","max-snippet":"max-snippet:-1","max-image-preview":"max-image-preview:large","max-video-preview":"max-video-preview:-1"},"canonical":"https:\/\/www.clinicadentalcots.es\/en\/tecnologia\/","og_locale":"en_GB","og_type":"article","og_title":"Tecnolog\u00eda - Cl\u00ednica Dental Cots Valencia","og_description":"Contamos con tecnolog\u00eda de vanguardia https:\/\/www.youtube.com\/watch?v=Gj6qmisY-mg Siempre a la vanguardia en tratamientos dentales y buscando la mejora de la salud dental de nuestros clientes, en Cl\u00ednica [\u2026]","og_url":"https:\/\/www.clinicadentalcots.es\/en\/tecnologia\/","og_site_name":"Cl\u00ednica Dental Cots Valencia","article_modified_time":"2026-03-06T16:12:53+00:00","twitter_card":"summary_large_image","twitter_misc":{"Estimated reading time":"1 minute"},"schema":{"@context":"https:\/\/schema.org","@graph":[{"@type":"WebPage","@id":"https:\/\/www.clinicadentalcots.es\/tecnologia\/","url":"https:\/\/www.clinicadentalcots.es\/tecnologia\/","name":"Tecnolog\u00eda - Cl\u00ednica Dental Cots Valencia","isPartOf":{"@id":"https:\/\/www.clinicadentalcots.es\/#website"},"datePublished":"2026-03-05T18:47:12+00:00","dateModified":"2026-03-06T16:12:53+00:00","inLanguage":"en-GB","potentialAction":[{"@type":"ReadAction","target":["https:\/\/www.clinicadentalcots.es\/tecnologia\/"]}]},{"@type":"WebSite","@id":"https:\/\/www.clinicadentalcots.es\/#website","url":"https:\/\/www.clinicadentalcots.es\/","name":"Cots Dental Clinic Valencia","description":"Your trusted dental clinic in Valencia - Specialists in digital dentistry","publisher":{"@id":"https:\/\/www.clinicadentalcots.es\/#organization"},"potentialAction":[{"@type":"SearchAction","target":{"@type":"EntryPoint","urlTemplate":"https:\/\/www.clinicadentalcots.es\/?s={search_term_string}"},"query-input":{"@type":"PropertyValueSpecification","valueRequired":true,"valueName":"search_term_string"}}],"inLanguage":"en-GB"},{"@type":"Organization","@id":"https:\/\/www.clinicadentalcots.es\/#organization","name":"Cots Dental Clinic Valencia","url":"https:\/\/www.clinicadentalcots.es\/","logo":{"@type":"ImageObject","inLanguage":"en-GB","@id":"https:\/\/www.clinicadentalcots.es\/#\/schema\/logo\/image\/","url":"https:\/\/www.clinicadentalcots.es\/wp-content\/uploads\/2023\/11\/cropped-clinica-dental-cots-valencia.png","contentUrl":"https:\/\/www.clinicadentalcots.es\/wp-content\/uploads\/2023\/11\/cropped-clinica-dental-cots-valencia.png","width":800,"height":68,"caption":"Cl\u00ednica Dental Cots Valencia"},"image":{"@id":"https:\/\/www.clinicadentalcots.es\/#\/schema\/logo\/image\/"}}]}},"_links":{"self":[{"href":"https:\/\/www.clinicadentalcots.es\/en\/wp-json\/wp\/v2\/pages\/2442","targetHints":{"allow":["GET"]}}],"collection":[{"href":"https:\/\/www.clinicadentalcots.es\/en\/wp-json\/wp\/v2\/pages"}],"about":[{"href":"https:\/\/www.clinicadentalcots.es\/en\/wp-json\/wp\/v2\/types\/page"}],"author":[{"embeddable":true,"href":"https:\/\/www.clinicadentalcots.es\/en\/wp-json\/wp\/v2\/users\/1"}],"replies":[{"embeddable":true,"href":"https:\/\/www.clinicadentalcots.es\/en\/wp-json\/wp\/v2\/comments?post=2442"}],"version-history":[{"count":19,"href":"https:\/\/www.clinicadentalcots.es\/en\/wp-json\/wp\/v2\/pages\/2442\/revisions"}],"predecessor-version":[{"id":2472,"href":"https:\/\/www.clinicadentalcots.es\/en\/wp-json\/wp\/v2\/pages\/2442\/revisions\/2472"}],"wp:attachment":[{"href":"https:\/\/www.clinicadentalcots.es\/en\/wp-json\/wp\/v2\/media?parent=2442"}],"curies":[{"name":"wp","href":"https:\/\/api.w.org\/{rel}","templated":true}]}}